{"id":85,"date":"2025-10-26T23:33:54","date_gmt":"2025-10-26T23:33:54","guid":{"rendered":"http:\/\/mariedofarail.com\/index.php\/terms-privacy\/"},"modified":"2025-10-28T12:06:14","modified_gmt":"2025-10-28T11:06:14","slug":"terms-privacy","status":"publish","type":"page","link":"https:\/\/mariedofarail.com\/index.php\/terms-privacy\/","title":{"rendered":"Terms &#038; Privacy"},"content":{"rendered":"\t\t<div data-elementor-type=\"wp-page\" data-elementor-id=\"85\" class=\"elementor elementor-85\">\n\t\t\t\t<div class=\"elementor-element elementor-element-e6fd127 e-flex e-con-boxed e-con e-parent\" data-id=\"e6fd127\" data-element_type=\"container\">\n\t\t\t\t\t<div class=\"e-con-inner\">\n\t\t\t\t<div class=\"elementor-element elementor-element-6303ae9b elementor-widget elementor-widget-heading\" data-id=\"6303ae9b\" data-element_type=\"widget\" data-widget_type=\"heading.default\">\n\t\t\t\t\t<h1 class=\"elementor-heading-title elementor-size-default\">Mentions l\u00e9gales<\/h1>\t\t\t\t<\/div>\n\t\t\t\t<div class=\"elementor-element elementor-element-4b526042 elementor-widget-mobile__width-inherit elementor-widget elementor-widget-heading\" data-id=\"4b526042\" data-element_type=\"widget\" data-widget_type=\"heading.default\">\n\t\t\t\t\t<h2 class=\"elementor-heading-title elementor-size-default\">\u00c9diteur du site<\/h2>\t\t\t\t<\/div>\n\t\t\t\t<div class=\"elementor-element elementor-element-13dca1 elementor-widget elementor-widget-text-editor\" data-id=\"13dca1\" data-element_type=\"widget\" data-widget_type=\"text-editor.default\">\n\t\t\t\t\t\t\t\t\t<ul><li data-start=\"290\" data-end=\"329\"><p data-start=\"292\" data-end=\"329\">D\u00e9nomination : <strong data-start=\"307\" data-end=\"327\">MarieDo Farail<\/strong><\/p><\/li><li data-start=\"330\" data-end=\"419\"><p data-start=\"332\" data-end=\"419\">Statut : <strong data-start=\"341\" data-end=\"417\">Micro-entreprise\u00a0<\/strong><\/p><\/li><li data-start=\"420\" data-end=\"469\"><p data-start=\"422\" data-end=\"469\">SIREN\/SIRET : <strong data-start=\"436\" data-end=\"467\">[XXXXXXXXX \/ XXXXXXXXXXXXX]<\/strong><\/p><\/li><li data-start=\"470\" data-end=\"511\"><p data-start=\"472\" data-end=\"511\">Si\u00e8ge social : <strong data-start=\"487\" data-end=\"509\">30 chemin de fontfresque, 11120 bize-minervois<\/strong><\/p><\/li><li data-start=\"512\" data-end=\"562\"><p data-start=\"514\" data-end=\"562\">Email : <strong data-start=\"522\" data-end=\"539\">mariedofarail@gmail.com<\/strong> \u2014 T\u00e9l. : <strong data-start=\"549\" data-end=\"560\">+33 621219111<\/strong><\/p><\/li><li data-start=\"619\" data-end=\"690\"><p data-start=\"621\" data-end=\"690\">TVA : <strong data-start=\"627\" data-end=\"690\">TVA non applicable, art. 293 B du CGI<\/strong><\/p><\/li><\/ul>\t\t\t\t\t\t\t\t<\/div>\n\t\t\t\t<div class=\"elementor-element elementor-element-47533fc elementor-widget-mobile__width-inherit elementor-widget elementor-widget-heading\" data-id=\"47533fc\" data-element_type=\"widget\" data-widget_type=\"heading.default\">\n\t\t\t\t\t<h2 class=\"elementor-heading-title elementor-size-default\">H\u00e9bergeur<\/h2>\t\t\t\t<\/div>\n\t\t\t\t<div class=\"elementor-element elementor-element-1e9e6d67 elementor-widget elementor-widget-text-editor\" data-id=\"1e9e6d67\" data-element_type=\"widget\" data-widget_type=\"text-editor.default\">\n\t\t\t\t\t\t\t\t\t<ul><li data-start=\"708\" data-end=\"759\"><p data-start=\"710\" data-end=\"759\"><b>OVH<\/b><\/p><\/li><li data-start=\"760\" data-end=\"796\"><p data-start=\"762\" data-end=\"796\">Adresse : <strong data-start=\"772\" data-end=\"794\">2 Rue Kellermann 59100 Roubaix \u2013 France<\/strong><\/p><\/li><\/ul>\t\t\t\t\t\t\t\t<\/div>\n\t\t\t\t<div class=\"elementor-element elementor-element-ce9e6fe elementor-widget-mobile__width-inherit elementor-widget elementor-widget-heading\" data-id=\"ce9e6fe\" data-element_type=\"widget\" data-widget_type=\"heading.default\">\n\t\t\t\t\t<h2 class=\"elementor-heading-title elementor-size-default\">Propri\u00e9t\u00e9 intellectuelle<\/h2>\t\t\t\t<\/div>\n\t\t\t\t<div class=\"elementor-element elementor-element-5f4a263e elementor-widget elementor-widget-text-editor\" data-id=\"5f4a263e\" data-element_type=\"widget\" data-widget_type=\"text-editor.default\">\n\t\t\t\t\t\t\t\t\t<p>L\u2019ensemble des contenus (textes, photos, logos, visuels, \u0153uvres, charte graphique) est prot\u00e9g\u00e9 par le droit d\u2019auteur et reste la propri\u00e9t\u00e9 de <strong data-start=\"993\" data-end=\"1013\">[MarieDo Farail]<\/strong> ou de ses ayants droit.<br data-start=\"1037\" data-end=\"1040\" \/>Toute reproduction ou utilisation non autoris\u00e9e est interdite.<\/p>\t\t\t\t\t\t\t\t<\/div>\n\t\t\t\t<div class=\"elementor-element elementor-element-97b796b elementor-widget-mobile__width-inherit elementor-widget elementor-widget-heading\" data-id=\"97b796b\" data-element_type=\"widget\" data-widget_type=\"heading.default\">\n\t\t\t\t\t<h2 class=\"elementor-heading-title elementor-size-default\">Cr\u00e9dits photos &amp; \u0153uvres<\/h2>\t\t\t\t<\/div>\n\t\t\t\t<div class=\"elementor-element elementor-element-24dd112b elementor-widget elementor-widget-text-editor\" data-id=\"24dd112b\" data-element_type=\"widget\" data-widget_type=\"text-editor.default\">\n\t\t\t\t\t\t\t\t\t<p>Sauf mention contraire : <strong data-start=\"1159\" data-end=\"1181\">\u00a9 [MarieDo Farail]<\/strong>.<\/p>\t\t\t\t\t\t\t\t<\/div>\n\t\t\t\t<div class=\"elementor-element elementor-element-24581fef elementor-widget-mobile__width-inherit elementor-widget elementor-widget-heading\" data-id=\"24581fef\" data-element_type=\"widget\" id=\"privacy&amp;cookies\" data-widget_type=\"heading.default\">\n\t\t\t\t\t<h2 class=\"elementor-heading-title elementor-size-default\">Responsabilit\u00e9<\/h2>\t\t\t\t<\/div>\n\t\t\t\t<div class=\"elementor-element elementor-element-2c1c9219 elementor-widget elementor-widget-text-editor\" data-id=\"2c1c9219\" data-element_type=\"widget\" data-widget_type=\"text-editor.default\">\n\t\t\t\t\t\t\t\t\t<p>L\u2019\u00e9diteur met tout en \u0153uvre pour assurer l\u2019exactitude des informations, sans garantie d\u2019exhaustivit\u00e9. Le site peut contenir des liens externes : <strong data-start=\"1350\" data-end=\"1370\">[MarieDo Farail]<\/strong> d\u00e9cline toute responsabilit\u00e9 quant \u00e0 leur contenu.<\/p>\t\t\t\t\t\t\t\t<\/div>\n\t\t\t\t<div class=\"elementor-element elementor-element-695207d elementor-widget-mobile__width-inherit elementor-widget elementor-widget-heading\" data-id=\"695207d\" data-element_type=\"widget\" data-widget_type=\"heading.default\">\n\t\t\t\t\t<h2 class=\"elementor-heading-title elementor-size-default\">Donn\u00e9es personnelles (RGPD)<\/h2>\t\t\t\t<\/div>\n\t\t\t\t<div class=\"elementor-element elementor-element-7b74177d elementor-widget elementor-widget-text-editor\" data-id=\"7b74177d\" data-element_type=\"widget\" data-widget_type=\"text-editor.default\">\n\t\t\t\t\t\t\t\t\t<p>Le responsable de traitement est <strong data-start=\"1490\" data-end=\"1510\">[MarieDo Farail]<\/strong>\u00a0<br data-start=\"1531\" data-end=\"1534\" \/>Donn\u00e9es collect\u00e9es : <strong data-start=\"1555\" data-end=\"1614\">[commande, facturation, livraison, contact, newsletter]<\/strong>.<br data-start=\"1615\" data-end=\"1618\" \/>Finalit\u00e9s : <strong data-start=\"1630\" data-end=\"1709\">[gestion des commandes, envoi d\u2019informations, service client, statistiques]<\/strong>.<br data-start=\"1710\" data-end=\"1713\" \/>Base l\u00e9gale : <strong data-start=\"1727\" data-end=\"1787\">[ex\u00e9cution du contrat \/ consentement \/ int\u00e9r\u00eat l\u00e9gitime]<\/strong>.<br data-start=\"1788\" data-end=\"1791\" \/>Dur\u00e9es de conservation : <strong data-start=\"1816\" data-end=\"1881\">[ex. donn\u00e9es clients 5 ans \u00e0 compter de la derni\u00e8re commande]<\/strong>.<br data-start=\"1882\" data-end=\"1885\" \/>Vos droits : <strong data-start=\"1898\" data-end=\"1971\">acc\u00e8s, rectification, effacement, opposition, limitation, portabilit\u00e9<\/strong> (art. 15 \u00e0 22 RGPD). Exercer vos droits.<br data-start=\"2026\" data-end=\"2029\" \/>R\u00e9clamation : <strong data-start=\"2043\" data-end=\"2051\">CNIL<\/strong> \u2013 cnil.fr.<\/p>\t\t\t\t\t\t\t\t<\/div>\n\t\t\t\t<div class=\"elementor-element elementor-element-448f318 elementor-widget-mobile__width-inherit elementor-widget elementor-widget-heading\" data-id=\"448f318\" data-element_type=\"widget\" data-widget_type=\"heading.default\">\n\t\t\t\t\t<h2 class=\"elementor-heading-title elementor-size-default\">Cookies<\/h2>\t\t\t\t<\/div>\n\t\t\t\t<div class=\"elementor-element elementor-element-519631d elementor-widget elementor-widget-text-editor\" data-id=\"519631d\" data-element_type=\"widget\" data-widget_type=\"text-editor.default\">\n\t\t\t\t\t\t\t\t\t<p>Le site utilise des cookies n\u00e9cessaires au fonctionnement et, avec votre consentement, des cookies de mesure d\u2019audience et\/ou marketing.\u00a0<\/p>\t\t\t\t\t\t\t\t<\/div>\n\t\t\t\t<div class=\"elementor-element elementor-element-0849508 elementor-widget-mobile__width-inherit elementor-widget elementor-widget-heading\" data-id=\"0849508\" data-element_type=\"widget\" data-widget_type=\"heading.default\">\n\t\t\t\t\t<h2 class=\"elementor-heading-title elementor-size-default\">Droit applicable<\/h2>\t\t\t\t<\/div>\n\t\t\t\t<div class=\"elementor-element elementor-element-dae616f elementor-widget elementor-widget-text-editor\" data-id=\"dae616f\" data-element_type=\"widget\" data-widget_type=\"text-editor.default\">\n\t\t\t\t\t\t\t\t\t<p>Droit fran\u00e7ais. Tribunaux comp\u00e9tents <strong data-start=\"2455\" data-end=\"2548\">[du ressort du si\u00e8ge de l\u2019\u00e9diteur \u2013 sous r\u00e9serve des r\u00e8gles protectrices du consommateur]<\/strong>.<\/p>\t\t\t\t\t\t\t\t<\/div>\n\t\t\t\t<div class=\"elementor-element elementor-element-a3a89eb elementor-widget elementor-widget-heading\" data-id=\"a3a89eb\" data-element_type=\"widget\" data-widget_type=\"heading.default\">\n\t\t\t\t\t<h1 class=\"elementor-heading-title elementor-size-default\">Conditions G\u00e9n\u00e9rales de Vente (CGV)<\/h1>\t\t\t\t<\/div>\n\t\t\t\t<div class=\"elementor-element elementor-element-d528159 elementor-widget elementor-widget-text-editor\" data-id=\"d528159\" data-element_type=\"widget\" data-widget_type=\"text-editor.default\">\n\t\t\t\t\t\t\t\t\t<p data-start=\"2640\" data-end=\"2773\"><strong data-start=\"2640\" data-end=\"2652\">1. Objet<\/strong><br data-start=\"2652\" data-end=\"2655\" \/>Les pr\u00e9sentes CGV r\u00e9gissent les ventes conclues sur <strong data-start=\"2707\" data-end=\"2724\">mariedofarail.com<\/strong> entre <strong data-start=\"2731\" data-end=\"2751\">[MarieDo Farail]<\/strong> et tout consommateur.<\/p><p data-start=\"2775\" data-end=\"3021\"><strong data-start=\"2775\" data-end=\"2790\">2. Produits<\/strong><br data-start=\"2790\" data-end=\"2793\" \/>Pi\u00e8ces artisanales en papier v\u00e9g\u00e9tal : chaque \u0153uvre est unique ; de l\u00e9g\u00e8res variations de <strong data-start=\"2883\" data-end=\"2915\">couleur, texture, dimensions<\/strong> peuvent exister. Les photos n\u2019ont pas valeur contractuelle mais refl\u00e8tent fid\u00e8lement l\u2019esprit des pi\u00e8ces.<\/p><p data-start=\"3023\" data-end=\"3352\"><strong data-start=\"3023\" data-end=\"3034\">3. Prix<\/strong><br data-start=\"3034\" data-end=\"3037\" \/>Les prix sont indiqu\u00e9s en <strong data-start=\"3063\" data-end=\"3072\">euros<\/strong>, <strong data-start=\"3074\" data-end=\"3123\">[TTC \/ TVA non applicable, art. 293 B du CGI]<\/strong>, hors frais de livraison affich\u00e9s avant validation de la commande. <strong data-start=\"3191\" data-end=\"3211\">[MarieDo Farail]<\/strong> se r\u00e9serve le droit de modifier les prix \u00e0 tout moment ; la facturation s\u2019effectue sur la base du tarif en vigueur au moment de la commande.<\/p><p data-start=\"3354\" data-end=\"3624\"><strong data-start=\"3354\" data-end=\"3369\">4. Commande<\/strong><br data-start=\"3369\" data-end=\"3372\" \/>Le client v\u00e9rifie le d\u00e9tail de sa commande et corrige d\u2019\u00e9ventuelles erreurs avant validation. La vente est ferme apr\u00e8s <strong data-start=\"3491\" data-end=\"3503\">paiement<\/strong> et <strong data-start=\"3507\" data-end=\"3532\">email de confirmation<\/strong>. <strong data-start=\"3534\" data-end=\"3554\">[MarieDo Farail]<\/strong> se r\u00e9serve le droit de refuser toute commande anormale ou litigieuse.<\/p><p data-start=\"3626\" data-end=\"3809\"><strong data-start=\"3626\" data-end=\"3641\">5. Paiement<\/strong><br data-start=\"3641\" data-end=\"3644\" \/>Moyens accept\u00e9s : <strong data-start=\"3662\" data-end=\"3689\">[CB]<\/strong> via <strong data-start=\"3694\" data-end=\"3723\">[STRIPE]<\/strong>. Le paiement est s\u00e9curis\u00e9. La commande n\u2019est exp\u00e9di\u00e9e qu\u2019apr\u00e8s encaissement effectif.<\/p><p data-start=\"3811\" data-end=\"3829\"><strong data-start=\"3811\" data-end=\"3827\">6. Livraison<\/strong><\/p><ul data-start=\"3830\" data-end=\"4277\"><li data-start=\"3830\" data-end=\"3875\"><p data-start=\"3832\" data-end=\"3875\">Zones : <strong data-start=\"3840\" data-end=\"3873\">[France ]<\/strong><\/p><\/li><li data-start=\"3876\" data-end=\"3938\"><p data-start=\"3878\" data-end=\"3938\">Transporteurs : <strong data-start=\"3894\" data-end=\"3936\">[La Poste\/Colissimo, Mondial Relay]<\/strong><\/p><\/li><li data-start=\"3939\" data-end=\"4012\"><p data-start=\"3941\" data-end=\"4012\">D\u00e9lais indicatifs : <strong data-start=\"3961\" data-end=\"3983\">[10 jours ouvr\u00e9s]<\/strong> \u00e0 compter de l\u2019exp\u00e9dition.<\/p><\/li><li data-start=\"4013\" data-end=\"4277\"><p data-start=\"4015\" data-end=\"4277\">Frais : calcul\u00e9s au panier selon <strong data-start=\"4048\" data-end=\"4076\">poids\/format\/destination<\/strong>.<br data-start=\"4077\" data-end=\"4080\" \/>Le <strong data-start=\"4083\" data-end=\"4108\">transfert des risques<\/strong> intervient \u00e0 la remise du colis au client. En cas de colis endommag\u00e9, formuler des r\u00e9serves pr\u00e9cises aupr\u00e8s du transporteur et informer <strong data-start=\"4245\" data-end=\"4262\">[contact@&#8230;]<\/strong> sous <strong data-start=\"4268\" data-end=\"4276\">48 h<\/strong>.<\/p><\/li><\/ul><p data-start=\"4279\" data-end=\"4847\"><strong data-start=\"4279\" data-end=\"4309\">7. R\u00e9tractation (14 jours)<\/strong><br data-start=\"4309\" data-end=\"4312\" \/>Conform\u00e9ment aux articles L221-18 et s., le client dispose de <strong data-start=\"4374\" data-end=\"4386\">14 jours<\/strong> \u00e0 compter de la r\u00e9ception pour se r\u00e9tracter, sans motif.<br data-start=\"4443\" data-end=\"4446\" \/>Exceptions (art. L221-28) : <strong data-start=\"4474\" data-end=\"4510\">\u0153uvres personnalis\u00e9es\/sur-mesure<\/strong>.<br data-start=\"4511\" data-end=\"4514\" \/>Proc\u00e9dure : informer <strong data-start=\"4535\" data-end=\"4552\">[mariedofarail@gmail.com]<\/strong> ; renvoyer le produit <strong data-start=\"4575\" data-end=\"4620\">intact, non utilis\u00e9, correctement prot\u00e9g\u00e9<\/strong>, dans les <strong data-start=\"4631\" data-end=\"4643\">14 jours<\/strong> suivant la notification. Les <strong data-start=\"4673\" data-end=\"4692\">frais de retour<\/strong> sont \u00e0 la charge du client. Remboursement sous <strong data-start=\"4740\" data-end=\"4752\">14 jours<\/strong> \u00e0 r\u00e9ception (hors frais de livraison initiaux si <strong data-start=\"4802\" data-end=\"4845\">[option : rembours\u00e9s au tarif standard]<\/strong>).<\/p><p data-start=\"4849\" data-end=\"4875\"><strong data-start=\"4849\" data-end=\"4873\">8. Garanties l\u00e9gales<\/strong><\/p><ul data-start=\"4876\" data-end=\"5158\"><li data-start=\"4876\" data-end=\"4918\"><p data-start=\"4878\" data-end=\"4918\"><strong data-start=\"4878\" data-end=\"4892\">Conformit\u00e9<\/strong> (L217-3 et s. C. conso)<\/p><\/li><li data-start=\"4919\" data-end=\"5158\"><p data-start=\"4921\" data-end=\"5158\"><strong data-start=\"4921\" data-end=\"4937\">Vices cach\u00e9s<\/strong> (1641 et s. C. civ.)<br data-start=\"4958\" data-end=\"4961\" \/>En cas de d\u00e9faut av\u00e9r\u00e9, contact : <strong data-start=\"4995\" data-end=\"5012\">[mariedofarail@gmail.com]<\/strong> (photos + n\u00b0 commande). Les \u0153uvres sont destin\u00e9es <strong data-start=\"5063\" data-end=\"5093\">\u00e0 la d\u00e9coration int\u00e9rieure<\/strong> ; \u00e9viter l\u2019humidit\u00e9, le soleil direct et les sources de chaleur.<\/p><\/li><\/ul><p data-start=\"5160\" data-end=\"5326\"><strong data-start=\"5160\" data-end=\"5180\">9. Retours &amp; SAV<\/strong><br data-start=\"5180\" data-end=\"5183\" \/>Adresse de retour : <strong data-start=\"5203\" data-end=\"5225\">[30 chemin de fonntfresque, 11120 bize-minervois]<\/strong> (apr\u00e8s accord pr\u00e9alable). Joindre <strong data-start=\"5260\" data-end=\"5278\">n\u00b0 de commande<\/strong> et motif. Aucun retour en contre-remboursement.<\/p><p data-start=\"5328\" data-end=\"5492\"><strong data-start=\"5328\" data-end=\"5360\">10. Propri\u00e9t\u00e9 intellectuelle<\/strong><br data-start=\"5360\" data-end=\"5363\" \/>Les \u0153uvres, images et textes restent la propri\u00e9t\u00e9 de <strong data-start=\"5416\" data-end=\"5436\">[MarieDo Farail]<\/strong>. Toute reproduction ou usage non autoris\u00e9 est interdit.<\/p><p data-start=\"5494\" data-end=\"5681\"><strong data-start=\"5494\" data-end=\"5529\">11. M\u00e9diation \u00e0 la consommation<\/strong><br data-start=\"5529\" data-end=\"5532\" \/>Apr\u00e8s d\u00e9marche \u00e9crite aupr\u00e8s de <strong data-start=\"5564\" data-end=\"5584\">[MarieDo Farail]<\/strong> rest\u00e9e sans solution, le client peut saisir gratuitement le <strong data-start=\"5645\" data-end=\"5677\">m\u00e9diateur de la consommation<\/strong> :<\/p><ul data-start=\"5682\" data-end=\"5813\"><li data-start=\"5682\" data-end=\"5730\"><p data-start=\"5684\" data-end=\"5730\"><strong data-start=\"5684\" data-end=\"5728\">[Nom de l\u2019organisme de m\u00e9diation choisi]<\/strong><\/p><\/li><li data-start=\"5731\" data-end=\"5813\"><p data-start=\"5733\" data-end=\"5813\"><strong data-start=\"5733\" data-end=\"5753\">[Adresse \/ site]<\/strong><br data-start=\"5753\" data-end=\"5756\" \/>(Liste des m\u00e9diateurs : economie.gouv.fr\/mediation-conso)<\/p><\/li><\/ul><p data-start=\"5815\" data-end=\"5956\"><strong data-start=\"5815\" data-end=\"5843\">12. Donn\u00e9es personnelles<\/strong><br data-start=\"5843\" data-end=\"5846\" \/>Les donn\u00e9es sont trait\u00e9es conform\u00e9ment \u00e0 la <strong data-start=\"5890\" data-end=\"5955\"><a rel=\"noopener\" data-start=\"5892\" data-end=\"5953\">Politique de confidentialit\u00e9<\/a><\/strong>.<\/p><p data-start=\"5958\" data-end=\"6133\"><strong data-start=\"5958\" data-end=\"5979\">13. Force majeure<\/strong><br data-start=\"5979\" data-end=\"5982\" \/>Aucune partie n\u2019est responsable en cas d\u2019\u00e9v\u00e9nement impr\u00e9visible et irr\u00e9sistible rendant impossible l\u2019ex\u00e9cution (gr\u00e8ves, pand\u00e9mies, catastrophes, etc.).<\/p><p data-start=\"6135\" data-end=\"6301\"><strong data-start=\"6135\" data-end=\"6169\">14. Droit applicable \u2013 Litiges<\/strong><br data-start=\"6169\" data-end=\"6172\" \/>Droit fran\u00e7ais. Comp\u00e9tence des tribunaux, sous r\u00e9serve des dispositions protectrices du consommateur.<\/p>\t\t\t\t\t\t\t\t<\/div>\n\t\t\t\t\t<\/div>\n\t\t\t\t<\/div>\n\t\t\t\t<\/div>\n\t\t","protected":false},"excerpt":{"rendered":"<p>Mentions l\u00e9gales \u00c9diteur du site D\u00e9nomination : MarieDo Farail Statut : Micro-entreprise\u00a0 SIREN\/SIRET : [XXXXXXXXX \/ XXXXXXXXXXXXX] Si\u00e8ge social : 30 chemin de fontfresque, 11120 bize-minervois Email : mariedofarail@gmail.com \u2014 T\u00e9l. : +33 621219111 TVA : TVA non applicable, art. 293 B du CGI H\u00e9bergeur OVH Adresse : 2 Rue Kellermann 59100 Roubaix \u2013 France [&hellip;]<\/p>\n","protected":false},"author":1,"featured_media":0,"parent":0,"menu_order":0,"comment_status":"closed","ping_status":"closed","template":"elementor_header_footer","meta":{"footnotes":""},"class_list":["post-85","page","type-page","status-publish","hentry"],"jetpack_sharing_enabled":true,"_links":{"self":[{"href":"https:\/\/mariedofarail.com\/index.php\/wp-json\/wp\/v2\/pages\/85","targetHints":{"allow":["GET"]}}],"collection":[{"href":"https:\/\/mariedofarail.com\/index.php\/wp-json\/wp\/v2\/pages"}],"about":[{"href":"https:\/\/mariedofarail.com\/index.php\/wp-json\/wp\/v2\/types\/page"}],"author":[{"embeddable":true,"href":"https:\/\/mariedofarail.com\/index.php\/wp-json\/wp\/v2\/users\/1"}],"replies":[{"embeddable":true,"href":"https:\/\/mariedofarail.com\/index.php\/wp-json\/wp\/v2\/comments?post=85"}],"version-history":[{"count":10,"href":"https:\/\/mariedofarail.com\/index.php\/wp-json\/wp\/v2\/pages\/85\/revisions"}],"predecessor-version":[{"id":252,"href":"https:\/\/mariedofarail.com\/index.php\/wp-json\/wp\/v2\/pages\/85\/revisions\/252"}],"wp:attachment":[{"href":"https:\/\/mariedofarail.com\/index.php\/wp-json\/wp\/v2\/media?parent=85"}],"curies":[{"name":"wp","href":"https:\/\/api.w.org\/{rel}","templated":true}]}}