{"id":225,"date":"2025-10-27T16:42:09","date_gmt":"2025-10-27T15:42:09","guid":{"rendered":"http:\/\/mariedofarail.com\/?post_type=product&#038;p=225"},"modified":"2025-12-22T09:46:55","modified_gmt":"2025-12-22T08:46:55","slug":"lueurs-de-feuilles","status":"publish","type":"product","link":"https:\/\/mariedofarail.com\/index.php\/product\/lueurs-de-feuilles\/","title":{"rendered":"Lueurs de Feuilles"},"content":{"rendered":"<p data-start=\"496\" data-end=\"831\"><strong data-start=\"496\" data-end=\"538\">Cr\u00e9ation artisanale de MarieDo Farail.<\/strong><br data-start=\"538\" data-end=\"541\" \/>Chaque \u201cclochette\u201d est fa\u00e7onn\u00e9e en <strong data-start=\"576\" data-end=\"594\">papier v\u00e9g\u00e9tal<\/strong> : fines feuilles nervur\u00e9es et fibres naturelles, teintes douces, assembl\u00e9es\u00a0 par des lianes naturelles de yucca ou d&rsquo;iris. La lumi\u00e8re chaude des micro-LED r\u00e9v\u00e8le les nervures et cr\u00e9e une ambiance po\u00e9tique sur une \u00e9tag\u00e8re, une t\u00eate de lit ou lors d\u2019un repas.<\/p>\n<ul data-start=\"833\" data-end=\"1070\">\n<li data-start=\"833\" data-end=\"895\">\n<p data-start=\"835\" data-end=\"895\"><strong data-start=\"835\" data-end=\"844\">Rendu<\/strong> : translucide, tons \u00e9cru\/miel, nervures visibles<\/p>\n<\/li>\n<li data-start=\"896\" data-end=\"973\">\n<p data-start=\"898\" data-end=\"973\"><strong data-start=\"898\" data-end=\"912\">Confection<\/strong> : papier v\u00e9g\u00e9tal fait main, ligatures au fil.<\/p>\n<\/li>\n<li data-start=\"974\" data-end=\"1070\">\n<p data-start=\"976\" data-end=\"1070\"><strong data-start=\"976\" data-end=\"991\">Utilisation<\/strong> : d\u00e9coration int\u00e9rieure, ambiance douce (non destin\u00e9e \u00e0 l\u2019\u00e9clairage principal)<\/p>\n<\/li>\n<\/ul>\n","protected":false},"excerpt":{"rendered":"<p>Guirlande de <strong data-start=\"270\" data-end=\"300\">micro-LED (lumi\u00e8re chaude)<\/strong> habill\u00e9es de c\u00f4nes en <strong data-start=\"323\" data-end=\"341\">papier v\u00e9g\u00e9tal<\/strong> (feuilles squelettis\u00e9es &amp; fibres naturelles). Transparences d\u00e9licates, couture au fil v\u00e9g\u00e9tal. <strong data-start=\"437\" data-end=\"453\">Pi\u00e8ce unique<\/strong>, pr\u00eate \u00e0 suspendre.<\/p>\n","protected":false},"featured_media":216,"comment_status":"open","ping_status":"closed","template":"","meta":[],"product_brand":[],"product_cat":[32],"product_tag":[],"class_list":{"0":"post-225","1":"product","2":"type-product","3":"status-publish","4":"has-post-thumbnail","6":"product_cat-guirlandes-lumineux","8":"first","9":"instock","10":"taxable","11":"shipping-taxable","12":"purchasable","13":"product-type-simple"},"jetpack_sharing_enabled":true,"_links":{"self":[{"href":"https:\/\/mariedofarail.com\/index.php\/wp-json\/wp\/v2\/product\/225","targetHints":{"allow":["GET"]}}],"collection":[{"href":"https:\/\/mariedofarail.com\/index.php\/wp-json\/wp\/v2\/product"}],"about":[{"href":"https:\/\/mariedofarail.com\/index.php\/wp-json\/wp\/v2\/types\/product"}],"replies":[{"embeddable":true,"href":"https:\/\/mariedofarail.com\/index.php\/wp-json\/wp\/v2\/comments?post=225"}],"wp:featuredmedia":[{"embeddable":true,"href":"https:\/\/mariedofarail.com\/index.php\/wp-json\/wp\/v2\/media\/216"}],"wp:attachment":[{"href":"https:\/\/mariedofarail.com\/index.php\/wp-json\/wp\/v2\/media?parent=225"}],"wp:term":[{"taxonomy":"product_brand","embeddable":true,"href":"https:\/\/mariedofarail.com\/index.php\/wp-json\/wp\/v2\/product_brand?post=225"},{"taxonomy":"product_cat","embeddable":true,"href":"https:\/\/mariedofarail.com\/index.php\/wp-json\/wp\/v2\/product_cat?post=225"},{"taxonomy":"product_tag","embeddable":true,"href":"https:\/\/mariedofarail.com\/index.php\/wp-json\/wp\/v2\/product_tag?post=225"}],"curies":[{"name":"wp","href":"https:\/\/api.w.org\/{rel}","templated":true}]}}