{"id":279,"date":"2025-12-22T10:03:58","date_gmt":"2025-12-22T09:03:58","guid":{"rendered":"https:\/\/mariedofarail.com\/?post_type=product&#038;p=279"},"modified":"2025-12-22T10:06:54","modified_gmt":"2025-12-22T09:06:54","slug":"couronne-vegetale","status":"publish","type":"product","link":"https:\/\/mariedofarail.com\/index.php\/product\/couronne-vegetale\/","title":{"rendered":"Couronne v\u00e9g\u00e9tale"},"content":{"rendered":"<p>Tableau de feuilles v\u00e9g\u00e9tales, feuilles de ch\u00eane, teinture v\u00e9g\u00e9tales.<\/p>\n","protected":false},"excerpt":{"rendered":"<p>Feuilles trait\u00e9es,\u00a0 teint\u00e9es , mises sous presse.<\/p>\n","protected":false},"featured_media":280,"comment_status":"open","ping_status":"closed","template":"","meta":[],"product_brand":[],"product_cat":[30],"product_tag":[],"class_list":{"0":"post-279","1":"product","2":"type-product","3":"status-publish","4":"has-post-thumbnail","6":"product_cat-tabcad","8":"first","9":"instock","10":"taxable","11":"shipping-taxable","12":"purchasable","13":"product-type-simple"},"jetpack_sharing_enabled":true,"_links":{"self":[{"href":"https:\/\/mariedofarail.com\/index.php\/wp-json\/wp\/v2\/product\/279","targetHints":{"allow":["GET"]}}],"collection":[{"href":"https:\/\/mariedofarail.com\/index.php\/wp-json\/wp\/v2\/product"}],"about":[{"href":"https:\/\/mariedofarail.com\/index.php\/wp-json\/wp\/v2\/types\/product"}],"replies":[{"embeddable":true,"href":"https:\/\/mariedofarail.com\/index.php\/wp-json\/wp\/v2\/comments?post=279"}],"wp:featuredmedia":[{"embeddable":true,"href":"https:\/\/mariedofarail.com\/index.php\/wp-json\/wp\/v2\/media\/280"}],"wp:attachment":[{"href":"https:\/\/mariedofarail.com\/index.php\/wp-json\/wp\/v2\/media?parent=279"}],"wp:term":[{"taxonomy":"product_brand","embeddable":true,"href":"https:\/\/mariedofarail.com\/index.php\/wp-json\/wp\/v2\/product_brand?post=279"},{"taxonomy":"product_cat","embeddable":true,"href":"https:\/\/mariedofarail.com\/index.php\/wp-json\/wp\/v2\/product_cat?post=279"},{"taxonomy":"product_tag","embeddable":true,"href":"https:\/\/mariedofarail.com\/index.php\/wp-json\/wp\/v2\/product_tag?post=279"}],"curies":[{"name":"wp","href":"https:\/\/api.w.org\/{rel}","templated":true}]}}